{"id":307,"date":"2024-03-30T17:45:09","date_gmt":"2024-03-30T16:45:09","guid":{"rendered":"https:\/\/adesoft55.com\/?page_id=307"},"modified":"2024-03-30T17:47:45","modified_gmt":"2024-03-30T16:47:45","slug":"home-2","status":"publish","type":"page","link":"https:\/\/adesoft55.com\/","title":{"rendered":"Home"},"content":{"rendered":"\n    \n    <section class=\"u-border-no-bottom u-border-no-left u-border-no-right u-border-no-top u-clearfix u-grey-5 u-section-2\" id=\"sec-2789\">\n      <div class=\"u-clearfix u-sheet u-sheet-1\">\n        <div class=\"data-layout-selected u-clearfix u-expanded-width u-gutter-16 u-layout-wrap u-layout-wrap-1\">\n          <div class=\"u-layout\">\n            <div class=\"u-layout-row\">\n              <div class=\"u-size-29-sm u-size-29-xs u-size-30-lg u-size-30-xl u-size-60-md\">\n                <div class=\"u-layout-col\">\n                  <div class=\"u-container-style u-image u-layout-cell u-left-cell u-size-60 u-image-1\" src=\"\" data-image-width=\"550\" data-image-height=\"627\" style=\"background-image: url(&quot;https:\/\/adesoft55.com\/wp-content\/uploads\/2024\/03\/2000_612f97e08e7f3-3.jpg&quot;);\">\n                    <div class=\"u-container-layout u-container-layout-1\">\n                      <div class=\"custom-expanded u-container-style u-custom-color-4 u-group u-opacity u-opacity-25 u-preserve-proportions u-shape-circle u-group-1\" data-animation-out=\"1\" data-animation-name=\"fadeIn\" data-animation-duration=\"1000\" data-animation-delay=\"0\">\n                        <div class=\"u-container-layout u-container-layout-2\">\n                          <h2 class=\"u-align-center u-custom-font u-font-merriweather u-text u-text-body-alt-color u-text-1\">Unit\u00e0 Pastorale di&nbsp;<br>Vetra\u200blla \n                          <\/h2>\n                          <h5 class=\"u-align-center u-custom-font u-font-merriweather u-text u-text-2\"> La comunit\u00e0 cris<span style=\"font-weight: 700;\"><\/span>tiana di Vetralla \n                          <\/h5>\n                        <\/div>\n                      <\/div>\n                    <\/div>\n                  <\/div>\n                <\/div>\n              <\/div>\n              <div class=\"u-size-30-lg u-size-30-xl u-size-31-sm u-size-31-xs u-size-60-md\">\n                <div class=\"u-layout-col\">\n                  <div class=\"u-size-30\">\n                    <div class=\"u-layout-row\">\n                      <div class=\"u-align-left u-container-style u-image u-layout-cell u-size-30 u-image-2\" data-image-width=\"433\" data-image-height=\"417\" style=\"background-image: url(&quot;https:\/\/adesoft55.com\/wp-content\/uploads\/2024\/03\/800_6093bb8dd2e6d-3.png&quot;);\">\n                        <div class=\"u-container-layout u-container-layout-3\"><\/div>\n                      <\/div>\n                      <div class=\"u-container-style u-image u-layout-cell u-right-cell u-size-30 u-image-3\" src=\"\" data-image-width=\"240\" data-image-height=\"160\" style=\"background-image: url(&quot;https:\/\/adesoft55.com\/wp-content\/uploads\/2024\/03\/SanAntonioabate-3.jpg&quot;);\">\n                        <div class=\"u-container-layout u-valign-middle u-container-layout-4\"><\/div>\n                      <\/div>\n                    <\/div>\n                  <\/div>\n                  <div class=\"u-size-30\">\n                    <div class=\"u-layout-row\">\n                      <div class=\"u-container-style u-image u-layout-cell u-size-30 u-image-4\" src=\"\" data-image-width=\"712\" data-image-height=\"550\" style=\"background-image: url(&quot;https:\/\/adesoft55.com\/wp-content\/uploads\/2024\/03\/sanfrancesco-4.jpeg&quot;);\">\n                        <div class=\"u-container-layout u-valign-middle u-container-layout-5\"><\/div>\n                      <\/div>\n                      <div class=\"u-align-justify u-container-style u-layout-cell u-right-cell u-shape-rectangle u-size-30 u-layout-cell-5\" src=\"\">\n                        <div class=\"u-container-layout u-container-layout-6\">\n                          <p class=\"u-custom-font u-font-merriweather u-text u-text-black u-text-3\">\n                            <span style=\"font-weight: 700;\"><\/span> L'unit\u00e0 pastorale di Vetralla \u00e8 stata costituita nel 2018.&nbsp;<br>Unisce le parrocchie di \"S.Andrea e S.Francesco\" e dei \"Ss. Filippo e Giacomo\".<br>\n                          <\/p>\n                          <a href=\"https:\/\/nicepage.studio\" class=\"u-active-none u-btn u-btn-rectangle u-button-style u-hover-none u-none u-btn-1\"><span class=\"u-icon\"><svg class=\"u-svg-content\" viewBox=\"0 0 405.333 405.333\" x=\"0px\" y=\"0px\" style=\"width: 1em; height: 1em;\"><path d=\"M373.333,266.88c-25.003,0-49.493-3.904-72.704-11.563c-11.328-3.904-24.192-0.896-31.637,6.699l-46.016,34.752    c-52.8-28.181-86.592-61.952-114.389-114.368l33.813-44.928c8.512-8.512,11.563-20.971,7.915-32.64    C142.592,81.472,138.667,56.96,138.667,32c0-17.643-14.357-32-32-32H32C14.357,0,0,14.357,0,32    c0,205.845,167.488,373.333,373.333,373.333c17.643,0,32-14.357,32-32V298.88C405.333,281.237,390.976,266.88,373.333,266.88z\"><\/path><\/svg><\/span>&nbsp;+39 (123) 4567890 \n                          <\/a>\n                        <\/div>\n                      <\/div>\n                    <\/div>\n                  <\/div>\n                <\/div>\n              <\/div>\n            <\/div>\n          <\/div>\n        <\/div>\n      <\/div>\n    <\/section>\n    \n    \n    \n    \n    \n  \n","protected":false},"excerpt":{"rendered":"<p>Unit\u00e0 Pastorale di&nbsp;Vetra\u200blla La comunit\u00e0 cristiana di Vetralla L&#8217;unit\u00e0 pastorale di Vetralla \u00e8 stata costituita nel 2018.&nbsp;Unisce le parrocchie di &#8220;S.Andrea e S.Francesco&#8221; e dei &#8220;Ss. Filippo e Giacomo&#8221;. &nbsp;+39 (123) 4567890<\/p>\n","protected":false},"author":1,"featured_media":0,"parent":0,"menu_order":2,"comment_status":"closed","ping_status":"closed","template":"","meta":{"om_disable_all_campaigns":false,"_monsterinsights_skip_tracking":false,"_monsterinsights_sitenote_active":false,"_monsterinsights_sitenote_note":"","_monsterinsights_sitenote_category":0,"footnotes":""},"class_list":["post-307","page","type-page","status-publish","hentry"],"aioseo_notices":[],"_links":{"self":[{"href":"https:\/\/adesoft55.com\/index.php?rest_route=\/wp\/v2\/pages\/307"}],"collection":[{"href":"https:\/\/adesoft55.com\/index.php?rest_route=\/wp\/v2\/pages"}],"about":[{"href":"https:\/\/adesoft55.com\/index.php?rest_route=\/wp\/v2\/types\/page"}],"author":[{"embeddable":true,"href":"https:\/\/adesoft55.com\/index.php?rest_route=\/wp\/v2\/users\/1"}],"replies":[{"embeddable":true,"href":"https:\/\/adesoft55.com\/index.php?rest_route=%2Fwp%2Fv2%2Fcomments&post=307"}],"version-history":[{"count":2,"href":"https:\/\/adesoft55.com\/index.php?rest_route=\/wp\/v2\/pages\/307\/revisions"}],"predecessor-version":[{"id":321,"href":"https:\/\/adesoft55.com\/index.php?rest_route=\/wp\/v2\/pages\/307\/revisions\/321"}],"wp:attachment":[{"href":"https:\/\/adesoft55.com\/index.php?rest_route=%2Fwp%2Fv2%2Fmedia&parent=307"}],"curies":[{"name":"wp","href":"https:\/\/api.w.org\/{rel}","templated":true}]}}